{"id":1768,"date":"2025-02-04T17:56:10","date_gmt":"2025-02-04T15:56:10","guid":{"rendered":"https:\/\/aggelosmelinastudios.com\/insel-kea\/"},"modified":"2026-03-30T22:16:08","modified_gmt":"2026-03-30T19:16:08","slug":"insel-kea","status":"publish","type":"page","link":"https:\/\/aggelosmelinastudios.com\/de\/insel-kea\/","title":{"rendered":"Insel Kea"},"content":{"rendered":"<div class=\"fusion-fullwidth fullwidth-box fusion-builder-row-1 fusion-flex-container has-pattern-background has-mask-background nonhundred-percent-fullwidth non-hundred-percent-height-scrolling\" style=\"--awb-background-position:left center;--awb-border-radius-top-left:0px;--awb-border-radius-top-right:0px;--awb-border-radius-bottom-right:0px;--awb-border-radius-bottom-left:0px;--awb-padding-top-medium:90px;--awb-padding-bottom-medium:90px;--awb-background-color:#f9f6f3;--awb-background-image:linear-gradient(180deg, var(--awb-custom_color_1) 0%,var(--awb-custom_color_1) 100%);--awb-flex-wrap:wrap;\" id=\"aboutus\" ><div class=\"fusion-builder-row fusion-row fusion-flex-align-items-center fusion-flex-justify-content-center fusion-flex-content-wrap\" style=\"max-width:calc( 1200px + 0px );margin-left: calc(-0px \/ 2 );margin-right: calc(-0px \/ 2 );\"><div class=\"fusion-layout-column fusion_builder_column fusion-builder-column-0 fusion_builder_column_1_1 1_1 fusion-flex-column fusion-animated\" style=\"--awb-bg-size:cover;--awb-width-large:100%;--awb-margin-top-large:0px;--awb-spacing-right-large:0px;--awb-margin-bottom-large:90px;--awb-spacing-left-large:0px;--awb-width-medium:100%;--awb-order-medium:0;--awb-spacing-right-medium:0px;--awb-spacing-left-medium:0px;--awb-width-small:100%;--awb-order-small:0;--awb-spacing-right-small:0px;--awb-margin-bottom-small:68px;--awb-spacing-left-small:0px;\" data-animationType=\"fadeInDown\" data-animationDuration=\"0.8\" data-animationDelay=\"0.2\" data-animationOffset=\"top-into-view\"><div class=\"fusion-column-wrapper fusion-column-has-shadow fusion-flex-justify-content-flex-start fusion-content-layout-column\"><div class=\"fusion-image-element \" style=\"text-align:center;--awb-max-width:150px;--awb-caption-title-font-family:var(--h2_typography-font-family);--awb-caption-title-font-weight:var(--h2_typography-font-weight);--awb-caption-title-font-style:var(--h2_typography-font-style);--awb-caption-title-size:var(--h2_typography-font-size);--awb-caption-title-transform:var(--h2_typography-text-transform);--awb-caption-title-line-height:var(--h2_typography-line-height);--awb-caption-title-letter-spacing:var(--h2_typography-letter-spacing);\"><span class=\" fusion-imageframe imageframe-none imageframe-1 hover-type-none\"><img decoding=\"async\" width=\"72\" height=\"100\" src=\"data:image\/svg+xml,%3Csvg%20xmlns%3D%27http%3A%2F%2Fwww.w3.org%2F2000%2Fsvg%27%20width%3D%2772%27%20height%3D%27100%27%20viewBox%3D%270%200%2072%20100%27%3E%3Crect%20width%3D%2772%27%20height%3D%27100%27%20fill-opacity%3D%220%22%2F%3E%3C%2Fsvg%3E\" data-orig-src=\"https:\/\/aggelosmelinastudios.com\/wp-content\/uploads\/2024\/12\/Artboard-8.png\" alt class=\"lazyload img-responsive wp-image-1566\"\/><\/span><\/div><div class=\"fusion-title title fusion-title-1 fusion-sep-none fusion-title-center fusion-title-text fusion-title-size-two\" style=\"--awb-text-color:var(--awb-color7);--awb-margin-top-small:10px;--awb-margin-right-small:0px;--awb-margin-bottom-small:20px;--awb-margin-left-small:0px;\"><h2 class=\"fusion-title-heading title-heading-center\" style=\"margin:0;\">KEA INSEL<\/h2><\/div><div class=\"fusion-text fusion-text-1 fusion-no-small-visibility fusion-text-no-margin txt-1\" style=\"--awb-content-alignment:center;--awb-margin-right:20%;--awb-margin-bottom:0px;--awb-margin-left:20%;\"><p>Die Insel Kea (auch bekannt als Tzia) ist eine ber\u00fchmte und charmante Kykladeninsel mit uralten Traditionen und einer interessanten Geschichte.<\/p>\n<\/div><div class=\"fusion-text fusion-text-2 fusion-no-medium-visibility fusion-no-large-visibility fusion-text-no-margin txt-1\" style=\"--awb-content-alignment:center;--awb-margin-bottom:0px;\"><p>Die Insel Kea (auch bekannt als Tzia) ist eine ber\u00fchmte und charmante Kykladeninsel mit uralten Traditionen und einer interessanten Geschichte.<\/p>\n<\/div><\/div><\/div><div class=\"fusion-layout-column fusion_builder_column fusion-builder-column-1 fusion_builder_column_1_2 1_2 fusion-flex-column\" style=\"--awb-bg-color:var(--awb-custom_color_1);--awb-bg-color-hover:var(--awb-custom_color_1);--awb-bg-image:linear-gradient(180deg, var(--awb-custom_color_1) 0%,var(--awb-custom_color_1) 100%);--awb-bg-size:cover;--awb-width-large:50%;--awb-margin-top-large:0px;--awb-spacing-right-large:0px;--awb-margin-bottom-large:0px;--awb-spacing-left-large:0px;--awb-width-medium:50%;--awb-order-medium:0;--awb-spacing-right-medium:0px;--awb-spacing-left-medium:0px;--awb-width-small:100%;--awb-order-small:0;--awb-spacing-right-small:0px;--awb-spacing-left-small:0px;\" data-scroll-devices=\"small-visibility,medium-visibility,large-visibility\"><div class=\"fusion-column-wrapper fusion-column-has-shadow fusion-flex-justify-content-flex-start fusion-content-layout-column\"><div class=\"fusion-image-element \" style=\"--awb-aspect-ratio:1 \/ 1;--awb-object-position:49% 56%;--awb-caption-title-font-family:var(--h2_typography-font-family);--awb-caption-title-font-weight:var(--h2_typography-font-weight);--awb-caption-title-font-style:var(--h2_typography-font-style);--awb-caption-title-size:var(--h2_typography-font-size);--awb-caption-title-transform:var(--h2_typography-text-transform);--awb-caption-title-line-height:var(--h2_typography-line-height);--awb-caption-title-letter-spacing:var(--h2_typography-letter-spacing);\"><span class=\" fusion-imageframe imageframe-none imageframe-2 hover-type-none has-aspect-ratio fusion-animated\" style=\"--awb-animation-color:var(--awb-custom_color_1);\" data-animationType=\"revealInLeft\" data-animationDuration=\"0.8\" data-animationDelay=\"0.3\" data-animationOffset=\"top-into-view\"><img decoding=\"async\" width=\"1920\" height=\"1280\" title=\"Koundouros_02\" src=\"https:\/\/aggelosmelinastudios.com\/wp-content\/uploads\/2025\/09\/Koundouros_02.jpg\" data-orig-src=\"https:\/\/aggelosmelinastudios.com\/wp-content\/uploads\/2025\/09\/Koundouros_02.jpg\" class=\"lazyload img-responsive wp-image-2756 img-with-aspect-ratio\" data-parent-fit=\"cover\" data-parent-container=\".fusion-image-element\" alt srcset=\"data:image\/svg+xml,%3Csvg%20xmlns%3D%27http%3A%2F%2Fwww.w3.org%2F2000%2Fsvg%27%20width%3D%271920%27%20height%3D%271280%27%20viewBox%3D%270%200%201920%201280%27%3E%3Crect%20width%3D%271920%27%20height%3D%271280%27%20fill-opacity%3D%220%22%2F%3E%3C%2Fsvg%3E\" data-srcset=\"https:\/\/aggelosmelinastudios.com\/wp-content\/uploads\/2025\/09\/Koundouros_02-200x133.jpg 200w, https:\/\/aggelosmelinastudios.com\/wp-content\/uploads\/2025\/09\/Koundouros_02-400x267.jpg 400w, https:\/\/aggelosmelinastudios.com\/wp-content\/uploads\/2025\/09\/Koundouros_02-600x400.jpg 600w, https:\/\/aggelosmelinastudios.com\/wp-content\/uploads\/2025\/09\/Koundouros_02-800x533.jpg 800w, https:\/\/aggelosmelinastudios.com\/wp-content\/uploads\/2025\/09\/Koundouros_02-1200x800.jpg 1200w, https:\/\/aggelosmelinastudios.com\/wp-content\/uploads\/2025\/09\/Koundouros_02.jpg 1920w\" data-sizes=\"auto\" data-orig-sizes=\"(max-width: 640px) 100vw, 800px\" \/><\/span><\/div><\/div><\/div><div class=\"fusion-layout-column fusion_builder_column fusion-builder-column-2 fusion_builder_column_1_2 1_2 fusion-flex-column fusion-flex-align-self-center fusion-animated\" style=\"--awb-z-index:99999;--awb-padding-top:90px;--awb-padding-right:90px;--awb-padding-bottom:90px;--awb-padding-left:90px;--awb-padding-top-medium:60px;--awb-padding-right-medium:60px;--awb-padding-bottom-medium:60px;--awb-padding-left-medium:60px;--awb-bg-color:var(--awb-custom_color_1);--awb-bg-color-hover:var(--awb-custom_color_1);--awb-bg-image:linear-gradient(180deg, var(--awb-custom_color_1) 0%,var(--awb-custom_color_1) 100%);--awb-bg-size:cover;--awb-box-shadow:15px 15px 100px -30px #000000;;--awb-width-large:50%;--awb-margin-top-large:0px;--awb-spacing-right-large:0px;--awb-margin-bottom-large:0px;--awb-spacing-left-large:-50px;--awb-width-medium:50%;--awb-order-medium:0;--awb-spacing-right-medium:0px;--awb-spacing-left-medium:-50px;--awb-width-small:100%;--awb-order-small:0;--awb-spacing-right-small:0px;--awb-spacing-left-small:0px;\" data-animationType=\"fadeInLeft\" data-animationDuration=\"0.8\" data-animationDelay=\"0.8\" data-animationOffset=\"top-into-view\" data-scroll-devices=\"small-visibility,medium-visibility,large-visibility\"><div class=\"fusion-column-wrapper fusion-column-has-shadow fusion-flex-justify-content-flex-start fusion-content-layout-column\"><div class=\"fusion-title title fusion-title-2 fusion-sep-none fusion-title-text fusion-title-size-two\" style=\"--awb-text-color:var(--awb-color8);--awb-margin-bottom:20px;--awb-margin-top-small:10px;--awb-margin-right-small:0px;--awb-margin-bottom-small:10px;--awb-margin-left-small:0px;\"><h2 class=\"fusion-title-heading title-heading-left\" style=\"margin:0;\"><strong data-start=\"54\" data-end=\"87\">\u039a\u0395\u0391-\u03a4\u0396\u0399\u0391 <span style=\"font-size: 1em; font-weight: 500;\">\ud83c\udf05<\/span><br \/><\/strong><\/h2><\/div><div class=\"fusion-text fusion-text-3 fusion-text-no-margin txt-1\" style=\"--awb-margin-right:20%;--awb-margin-bottom:0px;\"><p>Die <strong data-start=\"79\" data-end=\"114\">Insel Kea (auch bekannt als Tzia)<\/strong> liegt in der \u00c4g\u00e4is und ist die Athen am n\u00e4chsten gelegene bewohnte Kykladeninsel.<\/p>\n<p><br data-start=\"199\" data-end=\"202\">\u26f4\ufe0f Es ist nur eine Stunde vom Hafen von Lavrio in Attika entfernt.<\/p>\n<p><br data-end=\"267\" data-start=\"264\">\u2708\ufe0f Dank seiner N\u00e4he zu Athen und dem Flughafen ist Kea ein sehr beliebtes Reiseziel, vor allem f\u00fcr Wochenendausfl\u00fcge und Kurztrips!<\/p>\n<\/div><\/div><\/div><div class=\"fusion-layout-column fusion_builder_column fusion-builder-column-3 fusion_builder_column_1_1 1_1 fusion-flex-column\" style=\"--awb-bg-size:cover;--awb-width-large:100%;--awb-margin-top-large:0px;--awb-spacing-right-large:0px;--awb-margin-bottom-large:20px;--awb-spacing-left-large:0px;--awb-width-medium:100%;--awb-order-medium:0;--awb-spacing-right-medium:0px;--awb-spacing-left-medium:0px;--awb-width-small:100%;--awb-order-small:0;--awb-spacing-right-small:0px;--awb-spacing-left-small:0px;\"><div class=\"fusion-column-wrapper fusion-column-has-shadow fusion-flex-justify-content-flex-start fusion-content-layout-column\"><div class=\"fusion-separator fusion-full-width-sep\" style=\"align-self: center;margin-left: auto;margin-right: auto;margin-bottom:70px;width:100%;\"><\/div><\/div><\/div><div class=\"fusion-layout-column fusion_builder_column fusion-builder-column-4 fusion_builder_column_1_2 1_2 fusion-flex-column fusion-flex-align-self-center fusion-animated\" style=\"--awb-z-index:9999;--awb-padding-top:90px;--awb-padding-right:90px;--awb-padding-bottom:90px;--awb-padding-left:90px;--awb-padding-top-medium:60px;--awb-padding-right-medium:60px;--awb-padding-bottom-medium:60px;--awb-padding-left-medium:60px;--awb-bg-color:var(--awb-custom_color_1);--awb-bg-color-hover:var(--awb-custom_color_1);--awb-bg-size:cover;--awb-box-shadow:15px 15px 100px -30px #000000;;--awb-width-large:50%;--awb-margin-top-large:0px;--awb-spacing-right-large:0px;--awb-margin-bottom-large:0px;--awb-spacing-left-large:0px;--awb-width-medium:50%;--awb-order-medium:0;--awb-spacing-right-medium:0px;--awb-spacing-left-medium:0px;--awb-width-small:100%;--awb-order-small:1;--awb-spacing-right-small:0px;--awb-spacing-left-small:0px;\" data-animationType=\"fadeInRight\" data-animationDuration=\"0.8\" data-animationDelay=\"0.8\" data-animationOffset=\"top-into-view\" data-scroll-devices=\"small-visibility,medium-visibility,large-visibility\"><div class=\"fusion-column-wrapper fusion-column-has-shadow fusion-flex-justify-content-flex-start fusion-content-layout-column\"><div class=\"fusion-title title fusion-title-3 fusion-sep-none fusion-title-text fusion-title-size-two\" style=\"--awb-text-color:var(--awb-color8);--awb-margin-bottom:20px;--awb-margin-top-small:10px;--awb-margin-right-small:0px;--awb-margin-bottom-small:10px;--awb-margin-left-small:0px;\"><h2 class=\"fusion-title-heading title-heading-left\" style=\"margin:0;\"><p data-start=\"65\" data-end=\"107\"><strong data-start=\"65\" data-end=\"105\">Kea &#8211; Eine Insel f\u00fcr exploration\ud83c\udfdd\ufe0f<\/strong><\/p>\n<p data-start=\"109\" data-end=\"194\">&nbsp;<\/p><\/h2><\/div><div class=\"fusion-text fusion-text-4 fusion-text-no-margin txt-1\" style=\"--awb-margin-right:20%;--awb-margin-bottom:0px;\"><p><strong data-start=\"136\" data-end=\"175\">Eine Insel, die darauf wartet, entdeckt zu werden.<\/strong><\/p>\n<p>  \ud83c\udf05Zauberhafte Sonnenunterg\u00e4nge, steingepflasterte Gassen und eine malerische Chora. Die Insel ist ideal f\u00fcr alle, die gerne wandern und die Natur lieben, denn sie verf\u00fcgt \u00fcber eines der umfangreichsten Netze markierter Wanderwege auf den Kykladen. Zugleich bietet sie viele Str\u00e4nde mit kristallklarem Wasser. \ud83c\udf0aEin authentisches Reiseziel f\u00fcr unvergessliche Ferien in der N\u00e4he von Athen. \u2728<\/p>\n<\/div><div ><a class=\"fusion-button button-flat fusion-button-default-size button-default fusion-button-default button-1 fusion-button-default-span fusion-button-default-type\" style=\"--awb-margin-top:40px;--awb-padding-right:40px;--awb-padding-left:40px;\" target=\"_self\" data-hover=\"text_slide_up\" href=\"https:\/\/aggelosmelinastudios.com\/de\/kontakt\/\"><div class=\"awb-button-text-transition  awb-button__hover-content--centered\"><span class=\"fusion-button-text awb-button__text awb-button__text--default\">BUCHEN SIE IHREN AUFENTHALT<\/span><span class=\"fusion-button-text awb-button__text awb-button__text--default\">BUCHEN SIE IHREN AUFENTHALT<\/span><\/div><\/a><\/div><\/div><\/div><div class=\"fusion-layout-column fusion_builder_column fusion-builder-column-5 fusion_builder_column_1_2 1_2 fusion-flex-column\" style=\"--awb-bg-size:cover;--awb-width-large:50%;--awb-margin-top-large:0px;--awb-spacing-right-large:0px;--awb-margin-bottom-large:0px;--awb-spacing-left-large:-50px;--awb-width-medium:50%;--awb-order-medium:0;--awb-spacing-right-medium:0px;--awb-spacing-left-medium:-50px;--awb-width-small:100%;--awb-order-small:0;--awb-spacing-right-small:0px;--awb-spacing-left-small:0px;\" data-scroll-devices=\"small-visibility,medium-visibility,large-visibility\"><div class=\"fusion-column-wrapper fusion-column-has-shadow fusion-flex-justify-content-flex-start fusion-content-layout-column\"><div class=\"fusion-image-element \" style=\"--awb-aspect-ratio:1 \/ 1;--awb-caption-title-font-family:var(--h2_typography-font-family);--awb-caption-title-font-weight:var(--h2_typography-font-weight);--awb-caption-title-font-style:var(--h2_typography-font-style);--awb-caption-title-size:var(--h2_typography-font-size);--awb-caption-title-transform:var(--h2_typography-text-transform);--awb-caption-title-line-height:var(--h2_typography-line-height);--awb-caption-title-letter-spacing:var(--h2_typography-letter-spacing);\"><span class=\" fusion-imageframe imageframe-none imageframe-3 hover-type-none has-aspect-ratio fusion-animated\" style=\"--awb-animation-color:var(--awb-custom_color_1);\" data-animationType=\"revealInRight\" data-animationDuration=\"0.8\" data-animationDelay=\"0.3\" data-animationOffset=\"top-into-view\"><img decoding=\"async\" width=\"1000\" height=\"667\" src=\"https:\/\/aggelosmelinastudios.com\/wp-content\/uploads\/2025\/02\/AggelosandMelinaStudios.jpg\" data-orig-src=\"https:\/\/aggelosmelinastudios.com\/wp-content\/uploads\/2025\/02\/AggelosandMelinaStudios.jpg\" class=\"lazyload img-responsive wp-image-1758 img-with-aspect-ratio\" data-parent-fit=\"cover\" data-parent-container=\".fusion-image-element\" alt srcset=\"data:image\/svg+xml,%3Csvg%20xmlns%3D%27http%3A%2F%2Fwww.w3.org%2F2000%2Fsvg%27%20width%3D%271000%27%20height%3D%27667%27%20viewBox%3D%270%200%201000%20667%27%3E%3Crect%20width%3D%271000%27%20height%3D%27667%27%20fill-opacity%3D%220%22%2F%3E%3C%2Fsvg%3E\" data-srcset=\"https:\/\/aggelosmelinastudios.com\/wp-content\/uploads\/2025\/02\/AggelosandMelinaStudios-200x133.jpg 200w, https:\/\/aggelosmelinastudios.com\/wp-content\/uploads\/2025\/02\/AggelosandMelinaStudios-400x267.jpg 400w, https:\/\/aggelosmelinastudios.com\/wp-content\/uploads\/2025\/02\/AggelosandMelinaStudios-600x400.jpg 600w, https:\/\/aggelosmelinastudios.com\/wp-content\/uploads\/2025\/02\/AggelosandMelinaStudios-800x534.jpg 800w, https:\/\/aggelosmelinastudios.com\/wp-content\/uploads\/2025\/02\/AggelosandMelinaStudios.jpg 1000w\" data-sizes=\"auto\" data-orig-sizes=\"(max-width: 640px) 100vw, 800px\" \/><\/span><\/div><\/div><\/div><\/div><\/div>\n","protected":false},"excerpt":{"rendered":"","protected":false},"author":2,"featured_media":0,"parent":0,"menu_order":0,"comment_status":"closed","ping_status":"closed","template":"100-width.php","meta":{"footnotes":""},"class_list":["post-1768","page","type-page","status-publish","hentry"],"yoast_head":"<!-- This site is optimized with the Yoast SEO plugin v27.4 - https:\/\/yoast.com\/product\/yoast-seo-wordpress\/ -->\n<title>Insel Kea | Aggelos &amp; Melina Studios<\/title>\n<meta name=\"robots\" content=\"index, follow, max-snippet:-1, max-image-preview:large, max-video-preview:-1\" \/>\n<link rel=\"canonical\" href=\"https:\/\/aggelosmelinastudios.com\/de\/insel-kea\/\" \/>\n<meta property=\"og:locale\" content=\"de_DE\" \/>\n<meta property=\"og:type\" content=\"article\" \/>\n<meta property=\"og:title\" content=\"Insel Kea | Aggelos &amp; Melina Studios\" \/>\n<meta property=\"og:url\" content=\"https:\/\/aggelosmelinastudios.com\/de\/insel-kea\/\" \/>\n<meta property=\"og:site_name\" content=\"Aggelos &amp; Melina Studios\" \/>\n<meta property=\"article:publisher\" content=\"https:\/\/www.facebook.com\/profile.php?id=61560117835422\" \/>\n<meta property=\"article:modified_time\" content=\"2026-03-30T19:16:08+00:00\" \/>\n<meta property=\"og:image\" content=\"https:\/\/aggelosmelinastudios.com\/wp-content\/uploads\/2025\/01\/studios-kea-tzia-share.jpg\" \/>\n\t<meta property=\"og:image:width\" content=\"900\" \/>\n\t<meta property=\"og:image:height\" content=\"566\" \/>\n\t<meta property=\"og:image:type\" content=\"image\/jpeg\" \/>\n<meta name=\"twitter:card\" content=\"summary_large_image\" \/>\n<meta name=\"twitter:label1\" content=\"Gesch\u00e4tzte Lesezeit\" \/>\n\t<meta name=\"twitter:data1\" content=\"2\u00a0Minuten\" \/>\n<script type=\"application\/ld+json\" class=\"yoast-schema-graph\">{\"@context\":\"https:\\\/\\\/schema.org\",\"@graph\":[{\"@type\":\"WebPage\",\"@id\":\"https:\\\/\\\/aggelosmelinastudios.com\\\/de\\\/insel-kea\\\/\",\"url\":\"https:\\\/\\\/aggelosmelinastudios.com\\\/de\\\/insel-kea\\\/\",\"name\":\"Insel Kea | Aggelos &amp; Melina Studios\",\"isPartOf\":{\"@id\":\"https:\\\/\\\/aggelosmelinastudios.com\\\/de\\\/#website\"},\"datePublished\":\"2025-02-04T15:56:10+00:00\",\"dateModified\":\"2026-03-30T19:16:08+00:00\",\"breadcrumb\":{\"@id\":\"https:\\\/\\\/aggelosmelinastudios.com\\\/de\\\/insel-kea\\\/#breadcrumb\"},\"inLanguage\":\"de\",\"potentialAction\":[{\"@type\":\"ReadAction\",\"target\":[\"https:\\\/\\\/aggelosmelinastudios.com\\\/de\\\/insel-kea\\\/\"]}]},{\"@type\":\"BreadcrumbList\",\"@id\":\"https:\\\/\\\/aggelosmelinastudios.com\\\/de\\\/insel-kea\\\/#breadcrumb\",\"itemListElement\":[{\"@type\":\"ListItem\",\"position\":1,\"name\":\"\u0391\u03c1\u03c7\u03b9\u03ba\u03ae\",\"item\":\"https:\\\/\\\/aggelosmelinastudios.com\\\/de\\\/aggelos-melina-studios\\\/\"},{\"@type\":\"ListItem\",\"position\":2,\"name\":\"Insel Kea\"}]},{\"@type\":\"WebSite\",\"@id\":\"https:\\\/\\\/aggelosmelinastudios.com\\\/de\\\/#website\",\"url\":\"https:\\\/\\\/aggelosmelinastudios.com\\\/de\\\/\",\"name\":\"Aggelos & Melina Studios\",\"description\":\"Rent a Studio in Kea Island\",\"publisher\":{\"@id\":\"https:\\\/\\\/aggelosmelinastudios.com\\\/de\\\/#organization\"},\"potentialAction\":[{\"@type\":\"SearchAction\",\"target\":{\"@type\":\"EntryPoint\",\"urlTemplate\":\"https:\\\/\\\/aggelosmelinastudios.com\\\/de\\\/?s={search_term_string}\"},\"query-input\":{\"@type\":\"PropertyValueSpecification\",\"valueRequired\":true,\"valueName\":\"search_term_string\"}}],\"inLanguage\":\"de\"},{\"@type\":\"Organization\",\"@id\":\"https:\\\/\\\/aggelosmelinastudios.com\\\/de\\\/#organization\",\"name\":\"Aggelos &amp; Melina Studios\",\"url\":\"https:\\\/\\\/aggelosmelinastudios.com\\\/de\\\/\",\"logo\":{\"@type\":\"ImageObject\",\"inLanguage\":\"de\",\"@id\":\"https:\\\/\\\/aggelosmelinastudios.com\\\/de\\\/#\\\/schema\\\/logo\\\/image\\\/\",\"url\":\"https:\\\/\\\/aggelosmelinastudios.com\\\/wp-content\\\/uploads\\\/2025\\\/01\\\/aggelos-melina-studios-kea-tzia.jpg\",\"contentUrl\":\"https:\\\/\\\/aggelosmelinastudios.com\\\/wp-content\\\/uploads\\\/2025\\\/01\\\/aggelos-melina-studios-kea-tzia.jpg\",\"width\":500,\"height\":500,\"caption\":\"Aggelos &amp; Melina Studios\"},\"image\":{\"@id\":\"https:\\\/\\\/aggelosmelinastudios.com\\\/de\\\/#\\\/schema\\\/logo\\\/image\\\/\"},\"sameAs\":[\"https:\\\/\\\/www.facebook.com\\\/profile.php?id=61560117835422\"]}]}<\/script>\n<!-- \/ Yoast SEO plugin. -->","yoast_head_json":{"title":"Insel Kea | Aggelos &amp; Melina Studios","robots":{"index":"index","follow":"follow","max-snippet":"max-snippet:-1","max-image-preview":"max-image-preview:large","max-video-preview":"max-video-preview:-1"},"canonical":"https:\/\/aggelosmelinastudios.com\/de\/insel-kea\/","og_locale":"de_DE","og_type":"article","og_title":"Insel Kea | Aggelos &amp; Melina Studios","og_url":"https:\/\/aggelosmelinastudios.com\/de\/insel-kea\/","og_site_name":"Aggelos &amp; Melina Studios","article_publisher":"https:\/\/www.facebook.com\/profile.php?id=61560117835422","article_modified_time":"2026-03-30T19:16:08+00:00","og_image":[{"width":900,"height":566,"url":"https:\/\/aggelosmelinastudios.com\/wp-content\/uploads\/2025\/01\/studios-kea-tzia-share.jpg","type":"image\/jpeg"}],"twitter_card":"summary_large_image","twitter_misc":{"Gesch\u00e4tzte Lesezeit":"2\u00a0Minuten"},"schema":{"@context":"https:\/\/schema.org","@graph":[{"@type":"WebPage","@id":"https:\/\/aggelosmelinastudios.com\/de\/insel-kea\/","url":"https:\/\/aggelosmelinastudios.com\/de\/insel-kea\/","name":"Insel Kea | Aggelos &amp; Melina Studios","isPartOf":{"@id":"https:\/\/aggelosmelinastudios.com\/de\/#website"},"datePublished":"2025-02-04T15:56:10+00:00","dateModified":"2026-03-30T19:16:08+00:00","breadcrumb":{"@id":"https:\/\/aggelosmelinastudios.com\/de\/insel-kea\/#breadcrumb"},"inLanguage":"de","potentialAction":[{"@type":"ReadAction","target":["https:\/\/aggelosmelinastudios.com\/de\/insel-kea\/"]}]},{"@type":"BreadcrumbList","@id":"https:\/\/aggelosmelinastudios.com\/de\/insel-kea\/#breadcrumb","itemListElement":[{"@type":"ListItem","position":1,"name":"\u0391\u03c1\u03c7\u03b9\u03ba\u03ae","item":"https:\/\/aggelosmelinastudios.com\/de\/aggelos-melina-studios\/"},{"@type":"ListItem","position":2,"name":"Insel Kea"}]},{"@type":"WebSite","@id":"https:\/\/aggelosmelinastudios.com\/de\/#website","url":"https:\/\/aggelosmelinastudios.com\/de\/","name":"Aggelos & Melina Studios","description":"Rent a Studio in Kea Island","publisher":{"@id":"https:\/\/aggelosmelinastudios.com\/de\/#organization"},"potentialAction":[{"@type":"SearchAction","target":{"@type":"EntryPoint","urlTemplate":"https:\/\/aggelosmelinastudios.com\/de\/?s={search_term_string}"},"query-input":{"@type":"PropertyValueSpecification","valueRequired":true,"valueName":"search_term_string"}}],"inLanguage":"de"},{"@type":"Organization","@id":"https:\/\/aggelosmelinastudios.com\/de\/#organization","name":"Aggelos &amp; Melina Studios","url":"https:\/\/aggelosmelinastudios.com\/de\/","logo":{"@type":"ImageObject","inLanguage":"de","@id":"https:\/\/aggelosmelinastudios.com\/de\/#\/schema\/logo\/image\/","url":"https:\/\/aggelosmelinastudios.com\/wp-content\/uploads\/2025\/01\/aggelos-melina-studios-kea-tzia.jpg","contentUrl":"https:\/\/aggelosmelinastudios.com\/wp-content\/uploads\/2025\/01\/aggelos-melina-studios-kea-tzia.jpg","width":500,"height":500,"caption":"Aggelos &amp; Melina Studios"},"image":{"@id":"https:\/\/aggelosmelinastudios.com\/de\/#\/schema\/logo\/image\/"},"sameAs":["https:\/\/www.facebook.com\/profile.php?id=61560117835422"]}]}},"_links":{"self":[{"href":"https:\/\/aggelosmelinastudios.com\/de\/wp-json\/wp\/v2\/pages\/1768","targetHints":{"allow":["GET"]}}],"collection":[{"href":"https:\/\/aggelosmelinastudios.com\/de\/wp-json\/wp\/v2\/pages"}],"about":[{"href":"https:\/\/aggelosmelinastudios.com\/de\/wp-json\/wp\/v2\/types\/page"}],"author":[{"embeddable":true,"href":"https:\/\/aggelosmelinastudios.com\/de\/wp-json\/wp\/v2\/users\/2"}],"replies":[{"embeddable":true,"href":"https:\/\/aggelosmelinastudios.com\/de\/wp-json\/wp\/v2\/comments?post=1768"}],"version-history":[{"count":11,"href":"https:\/\/aggelosmelinastudios.com\/de\/wp-json\/wp\/v2\/pages\/1768\/revisions"}],"predecessor-version":[{"id":3562,"href":"https:\/\/aggelosmelinastudios.com\/de\/wp-json\/wp\/v2\/pages\/1768\/revisions\/3562"}],"wp:attachment":[{"href":"https:\/\/aggelosmelinastudios.com\/de\/wp-json\/wp\/v2\/media?parent=1768"}],"curies":[{"name":"wp","href":"https:\/\/api.w.org\/{rel}","templated":true}]}}